{"id":1591,"date":"2025-05-23T10:40:54","date_gmt":"2025-05-23T08:40:54","guid":{"rendered":"https:\/\/watiocapital.com\/?page_id=1591"},"modified":"2025-05-27T12:29:07","modified_gmt":"2025-05-27T10:29:07","slug":"legal-notice","status":"publish","type":"page","link":"https:\/\/watiocapital.com\/de\/legal-notice\/","title":{"rendered":"Rechtliche Hinweise"},"content":{"rendered":"<h3 class=\"wp-block-heading\">Zur\u00fcck zur Akzeptanz<\/h3>\n\n\n\n<p>Dieser rechtliche Hinweis regelt die Nutzung der Webseite <a href=\"https:\/\/watiocapital.com\/de\/\">www.watiocapital.com<\/a>. Das Surfen auf dieser Webseite setzt die vollst\u00e4ndige und vorbehaltlose Annahme dieses rechtlichen Hinweises voraus. Der Nutzer verpflichtet sich, die Webseite in \u00dcbereinstimmung mit den Gesetzen, gem\u00e4ss dem Grundsatz von Treu und Glauben, der \u00f6ffentlichen Ordnung, dem \u00fcblichen Verkehrsgebrauch und diesem Hinweis zu nutzen. F\u00fcr Sch\u00e4den, die durch Missbrauch entstehen, haftet der Nutzer.<\/p>\n\n\n\n<h3 class=\"wp-block-heading\">Eigentum und Identifikation<\/h3>\n\n\n\n<p><strong>Eigent\u00fcmer<\/strong>: WATIO CAPITAL, SL<br><strong>Steuernummer (CIF)<\/strong>: B87036521<br><strong>Adresse<\/strong>: Fern\u00e1ndez de la Hoz 70 \u2013 1B, , 28003 Madrid<br><strong>E-Mail<\/strong>: <a href=\"mailto:info@watiocapital.com\">info@watiocapital.com<\/a><br><strong>Webhosting<\/strong>: ALL-INKL.COM \u2013 Neue Medien M\u00fcnnich, Inhaber: Ren\u00e9 M\u00fcnnich<\/p>\n\n\n\n<h3 class=\"wp-block-heading\">Allgemeine Zugangs- und Nutzungsbedingungen<\/h3>\n\n\n\n<ul class=\"wp-block-list\">\n<li>Der Zugriff auf die Webseite und ihre Dienste ist kostenlos, f\u00fcr bestimmte Bereiche kann jedoch die \u00dcbermittlung von Daten erforderlich sein.<\/li>\n\n\n\n<li>Nur Nutzer \u00fcber 18 Jahren d\u00fcrfen Daten angeben. Personen unter 14 Jahren ben\u00f6tigen die Zustimmung der Eltern oder Erziehungsberechtigten.<\/li>\n\n\n\n<li><strong>Benutzertypen<\/strong>:\n<ul class=\"wp-block-list\">\n<li>Benutzer, deren Daten \u00fcber Cookies gesammelt werden.<\/li>\n\n\n\n<li>Benutzer, die eines der Formulare der Site ausf\u00fcllen.<\/li>\n<\/ul>\n<\/li>\n<\/ul>\n\n\n\n<h4 class=\"wp-block-heading\">Regeln und verbotene Nutzungen<\/h4>\n\n\n\n<p>Der Benutzer verpflichtet sich ausdr\u00fccklich, die Inhalte und Dienste ordnungsgem\u00e4\u00df zu nutzen und Folgendes zu unterlassen:<\/p>\n\n\n\n<ul class=\"wp-block-list\">\n<li>Verbreitung illegaler, gewaltt\u00e4tiger, pornografischer, rassistischer, fremdenfeindlicher, beleidigender oder terroristischer Inhalte.<\/li>\n\n\n\n<li>Verbreiten von Viren oder Ausf\u00fchren von Aktionen, die die Systeme von WATIO CAPITAL, SL oder Drittanbietern st\u00f6ren oder besch\u00e4digen k\u00f6nnten.<\/li>\n\n\n\n<li>Betreten gesperrter Bereiche ohne Autorisierung.<\/li>\n\n\n\n<li>Versto\u00df gegen geistige oder gewerbliche Eigentumsrechte oder die Geheimhaltung.<\/li>\n\n\n\n<li>Sich als ein anderer Benutzer oder Dritten ausgeben.<\/li>\n\n\n\n<li>Inhalte ohne Genehmigung reproduzieren, verteilen oder \u00e4ndern.<\/li>\n\n\n\n<li>Sammeln von Daten f\u00fcr Werbung ohne vorherige Zustimmung.<\/li>\n<\/ul>\n\n\n\n<h4 class=\"wp-block-heading\">Verfahren bei rechtswidrigen Aktivit\u00e4ten<\/h4>\n\n\n\n<p>Wenn ein Benutzer oder ein Dritter der Meinung ist, dass auf der Webseite rechtswidrige Inhalte oder Handlungen vorliegen, muss er WATIO CAPITAL, SL dar\u00fcber informieren und dabei seine Identit\u00e4t, Einzelheiten des Versto\u00dfes und eine Erkl\u00e4rung zur Richtigkeit der Informationen abgeben.<\/p>\n\n\n\n<h3 class=\"wp-block-heading\">Datenschutzrichtlinie<\/h3>\n\n\n\n<p>\u00dcber den Link \u201eDatenschutzrichtlinie\u201c k\u00f6nnen sich Nutzer dar\u00fcber informieren, wie WATIO CAPITAL, SL ihre Daten verwendet und welche Sicherheitsma\u00dfnahmen getroffen wurden.<\/p>\n\n\n\n<h3 class=\"wp-block-heading\">Cookies-Richtlinie<\/h3>\n\n\n\n<p>WATIO CAPITAL, SL installiert Cookies auf dem Ger\u00e4t des Benutzers. Weitere Informationen finden Sie unter dem Link \u201eCookie-Richtlinie\u201c.<\/p>\n\n\n\n<h3 class=\"wp-block-heading\">Benachrichtigungen<\/h3>\n\n\n\n<p>Die Kommunikation zwischen Benutzern und WATIO CAPITAL, SL gilt als wirksam, wenn sie wie folgt gesendet wird:<\/p>\n\n\n\n<ul class=\"wp-block-list\">\n<li>Per Post: Fern\u00e1ndez de la Hoz 70 \u2013 1B, 28003 Madrid<\/li>\n\n\n\n<li>Per E-Mail: <a href=\"mailto:info@watiocapital.com\">info@watiocapital.com<\/a><\/li>\n<\/ul>\n\n\n\n<h3 class=\"wp-block-heading\">Eigentums- und Urheberrechte<\/h3>\n\n\n\n<p>Alle Inhalte der Webseite (Texte, Bilder, Grafiken, Symbole, Software, Design, Quellcode) sind Eigentum von WATIO CAPITAL, SL und durch das Recht des geistigen Eigentums gesch\u00fctzt. Nutzer d\u00fcrfen die Inhalte nur f\u00fcr den pers\u00f6nlichen Gebrauch ansehen oder private Kopien davon erstellen.<\/p>\n\n\n\n<p>Alle auf der Webseite erscheinenden Marken oder Handelsnamen sind Eigentum von WATIO CAPITAL, SL und der Zugriff gew\u00e4hrt keinerlei Rechte daran.<\/p>\n\n\n\n<p>Die Verbreitung, \u00c4nderung oder \u00f6ffentliche Wiedergabe jeglicher Inhalte ohne ausdr\u00fccklicher Genehmigung ist strengstens untersagt. Bei Verst\u00f6\u00dfen wird WATIO CAPITAL, SL rechtliche Schritte einleiten.<\/p>\n\n\n\n<h3 class=\"wp-block-heading\">Haftungsausschluss und \u00c4nderungen<\/h3>\n\n\n\n<p>WATIO CAPITAL, SL verwendet Sicherheitsma\u00dfnahmen wie Firewalls und Verschl\u00fcsselung zum Schutz der Daten. Die Inhalte der Webseite dienen jedoch ausschlie\u00dflich zu Informationszwecken.<\/p>\n\n\n\n<p>WATIO CAPITAL, SL beh\u00e4lt sich das Recht vor, die Webseite oder ihre Inhalte jederzeit und ohne Vorank\u00fcndigung zu entfernen, auszusetzen oder zu \u00e4ndern. WATIO CAPITAL, SL \u00fcbernimmt keine Verantwortung f\u00fcr Entscheidungen, die auf Grundlage der Inhalte, Fehler oder Auslassungen der Webseite getroffen werden, sowie f\u00fcr daraus resultierende Sch\u00e4den an den Ger\u00e4ten der Nutzer.<\/p>\n\n\n\n<p>Benutzer akzeptieren ausdr\u00fccklich, dass WATIO CAPITAL, SL nicht f\u00fcr unbefugten Zugriff, Daten\u00e4nderungen oder fehlgeschlagene Transaktionen auf seiner Webseite verantwortlich ist.<\/p>\n\n\n\n<p>WATIO CAPITAL, SL kann diesen rechtlichen Hinweis einseitig und ohne vorherige Ank\u00fcndigung \u00e4ndern und ist lediglich verpflichtet, die Benutzer \u00fcber ALL-INKL.COM - Neue Medien M\u00fcnnich, Inhaber: Ren\u00e9 M\u00fcnnich zu informieren.<\/p>\n\n\n\n<h3 class=\"wp-block-heading\">Teilnichtigkeit<\/h3>\n\n\n\n<p>Sollte eine Klausel von einer zust\u00e4ndigen Beh\u00f6rde f\u00fcr nichtig erkl\u00e4rt werden, bleiben die \u00fcbrigen Bestimmungen davon unber\u00fchrt und durchsetzbar.<\/p>\n\n\n\n<h3 class=\"wp-block-heading\">Geltendes Recht und Gerichtsstand<\/h3>\n\n\n\n<p>Diese Webseite unterliegt spanischem Recht und den geltenden europ\u00e4ischen Vorschriften.<\/p>\n\n\n\n<p>Diese Webseite unterliegt spanischem Recht und den geltenden europ\u00e4ischen Vorschriften. Alle Streitigkeiten im Zusammenhang mit dieser Webseite oder ihren Produkten unterliegen der nicht-exklusiven Zust\u00e4ndigkeit der Gerichte von Madrid, Spanien.<\/p>\n\n\n\n<p>Wenn Sie Endverbraucher sind, ber\u00fchrt diese Klausel nicht Ihre gesetzlichen Rechte und Sie k\u00f6nnen eine Klage vor den Gerichten Ihres Wohnsitzes einreichen.<\/p>\n\n\n\n<p><strong>Datum<\/strong>: 23\/05\/2025<br><strong>Version<\/strong>: V.1.0<br><strong>Copyright<\/strong>: \u00a9 2025 AIXA CORPORE, SL<\/p>","protected":false},"excerpt":{"rendered":"<p>Purpose and Acceptance This legal notice governs the use of the website www.watiocapital.com. Browsing this site implies full and unreserved acceptance of this legal notice. The user agrees to use the website in accordance with the law, good faith, public order, customary practices, and this notice. Users will be held liable for damages arising from [&hellip;]<\/p>\n","protected":false},"author":1,"featured_media":0,"parent":0,"menu_order":0,"comment_status":"closed","ping_status":"closed","template":"","meta":{"iawp_total_views":12,"footnotes":""},"class_list":["post-1591","page","type-page","status-publish","hentry"],"_links":{"self":[{"href":"https:\/\/watiocapital.com\/de\/wp-json\/wp\/v2\/pages\/1591","targetHints":{"allow":["GET"]}}],"collection":[{"href":"https:\/\/watiocapital.com\/de\/wp-json\/wp\/v2\/pages"}],"about":[{"href":"https:\/\/watiocapital.com\/de\/wp-json\/wp\/v2\/types\/page"}],"author":[{"embeddable":true,"href":"https:\/\/watiocapital.com\/de\/wp-json\/wp\/v2\/users\/1"}],"replies":[{"embeddable":true,"href":"https:\/\/watiocapital.com\/de\/wp-json\/wp\/v2\/comments?post=1591"}],"version-history":[{"count":7,"href":"https:\/\/watiocapital.com\/de\/wp-json\/wp\/v2\/pages\/1591\/revisions"}],"predecessor-version":[{"id":1742,"href":"https:\/\/watiocapital.com\/de\/wp-json\/wp\/v2\/pages\/1591\/revisions\/1742"}],"wp:attachment":[{"href":"https:\/\/watiocapital.com\/de\/wp-json\/wp\/v2\/media?parent=1591"}],"curies":[{"name":"wp","href":"https:\/\/api.w.org\/{rel}","templated":true}]}}