{"id":1593,"date":"2025-05-23T10:44:07","date_gmt":"2025-05-23T08:44:07","guid":{"rendered":"https:\/\/watiocapital.com\/?page_id=1593"},"modified":"2025-05-26T11:26:38","modified_gmt":"2025-05-26T09:26:38","slug":"cookies-policy","status":"publish","type":"page","link":"https:\/\/watiocapital.com\/de\/cookies-policy\/","title":{"rendered":"Cookie-Richtlinie"},"content":{"rendered":"<h3 class=\"wp-block-heading\">Was sind Cookies?<\/h3>\n\n\n\n<p>Ein Cookie ist eine Textdatei, die ein Webserver auf der Festplatte Ihres Ger\u00e4ts speichern kann, um Informationen \u00fcber Sie als Nutzer zu sammeln. Cookies werden f\u00fcr verschiedene Zwecke verwendet, z. B. zum Speichern von Besuchsdaten, zur Wiedererkennung des Nutzers, zur Vermeidung wiederholter Authentifizierung, zur Verfolgung besuchter Seiten und zur Speicherung von Einstellungen.<\/p>\n\n\n\n<p>Einige Cookies sind von den Verpflichtungen des Artikels 22.2 des spanischen Gesetzes \u00fcber Dienste der Informationsgesellschaft und elektronischen Handel (LSSI) ausgenommen, wie beispielsweise:<\/p>\n\n\n\n<ul class=\"wp-block-list\">\n<li>Cookies, die die Kommunikation zwischen Benutzerger\u00e4t und Netzwerk erm\u00f6glichen.<\/li>\n\n\n\n<li>Cookies, die unbedingt erforderlich sind, um einen vom Benutzer ausdr\u00fccklich angeforderten Dienst bereitzustellen.<\/li>\n<\/ul>\n\n\n\n<p><strong>Ausgenommene Cookies sind:<\/strong><\/p>\n\n\n\n<ul class=\"wp-block-list\">\n<li>Benutzereingabe-Cookies<\/li>\n\n\n\n<li>Sitzungsauthentifizierungscookies<\/li>\n\n\n\n<li>Sicherheits-Cookies<\/li>\n\n\n\n<li>Sitzungscookies des Media Players<\/li>\n\n\n\n<li>Sitzungscookies zum Lastenausgleich<\/li>\n\n\n\n<li>Cookies zur UI-Anpassung<\/li>\n\n\n\n<li>Bestimmte Social-Plugin-Cookies<\/li>\n<\/ul>\n\n\n\n<h3 class=\"wp-block-heading\">Arten von Cookies<\/h3>\n\n\n\n<p><strong>Je nachdem, wer sie installiert:<\/strong><\/p>\n\n\n\n<ul class=\"wp-block-list\">\n<li><strong>Erstanbieter-Cookies<\/strong>: Gesendet von unserer eigenen Domain.<\/li>\n\n\n\n<li><strong>Cookies von Drittanbietern<\/strong>: Wird von Drittanbietern verwaltet, auch wenn die Installation von unserer Dom\u00e4ne aus erfolgt.<\/li>\n<\/ul>\n\n\n\n<p><strong>Nach ihrer Dauer:<\/strong><\/p>\n\n\n\n<ul class=\"wp-block-list\">\n<li><strong>Sitzungscookies<\/strong>: Wird gel\u00f6scht, wenn der Browser geschlossen wird.<\/li>\n\n\n\n<li><strong>Dauerhafte Cookies<\/strong>: Werden f\u00fcr l\u00e4ngere Zeit auf dem Ger\u00e4t des Benutzers gespeichert.<\/li>\n<\/ul>\n\n\n\n<p><strong>Nach ihrem Zweck:<\/strong><\/p>\n\n\n\n<ul class=\"wp-block-list\">\n<li><strong>Technische Cookies<\/strong>: Erforderlich f\u00fcr die -Funktionalit\u00e4t der Webseite.<\/li>\n\n\n\n<li><strong>Personalisierungs-Cookies<\/strong>: speichern Benutzereinstellungen (Sprache, Browser usw.).<\/li>\n\n\n\n<li><strong>Analytische Cookies<\/strong>: Erstellen Sie Benutzerprofile, um die Dienste zu verbessern.<\/li>\n\n\n\n<li><strong>Werbe-Cookies<\/strong>: Basierend auf Surfgewohnheiten, um personalisierte Anzeigen anzuzeigen.<\/li>\n<\/ul>\n\n\n\n<h3 class=\"wp-block-heading\">Auf unserer Webseite verwendete Cookies<\/h3>\n\n\n\n<p><a href=\"https:\/\/watiocapital.com\/de\/\">www.watiocapital.com<\/a> verwendet folgende Cookies:<\/p>\n\n\n\n<ul class=\"wp-block-list\">\n<li><strong>Technische Cookies<\/strong>: Navigation erm\u00f6glichen, Passw\u00f6rter merken, Warenkorbnutzung usw.<\/li>\n<\/ul>\n\n\n\n<p><strong>Erstanbieter-Cookie:<\/strong><\/p>\n\n\n\n<figure class=\"wp-block-table\"><table class=\"has-fixed-layout\"><thead><tr><th>Name<\/th><th>Zweck<\/th><th>Typ<\/th><th>Dauer<\/th><th>Installiert wenn<\/th><\/tr><\/thead><tbody><tr><td>moove_gdpr_popup<\/td><td>Speichert, wenn die Cookie-Richtlinie akzeptiert wurde<\/td><td>Erstanbieter<\/td><td>1 Jahr<\/td><td>Beim Zugriff auf die Webseite<\/td><\/tr><\/tbody><\/table><\/figure>\n\n\n\n<p><strong>Cookies von Drittanbietern (z. B. Google):<\/strong><\/p>\n\n\n\n<figure class=\"wp-block-table\"><table class=\"has-fixed-layout\"><thead><tr><th>Eigent\u00fcmer<\/th><th>Name<\/th><th>Installiert wenn<\/th><th>Beschreibung<\/th><th>Dauer<\/th><\/tr><\/thead><tbody><tr><td>Google<\/td><td><em>ga<\/em>*<\/td><td>Beim Zugriff auf die Webseite<\/td><td>Wird von Google Analytics zur Identifizierung von Benutzern verwendet<\/td><td>Sitzung<\/td><\/tr><tr><td>Google<\/td><td><em>ga<\/em><\/td><td>Beim Zugriff auf die Webseite<\/td><td>Wird von Google Analytics zur Identifizierung von Benutzern verwendet<\/td><td>2 Jahre<\/td><\/tr><\/tbody><\/table><\/figure>\n\n\n\n<p>Wir haben keine Kontrolle \u00fcber Cookies von Drittanbietern. Weitere Informationen finden Sie in den jeweiligen Cookie-Richtlinien.<\/p>\n\n\n\n<h3 class=\"wp-block-heading\">Einwilligung und Informationen zur Installation<\/h3>\n\n\n\n<p>Beim Aufruf unserer Webseite werden die Nutzer durch ein Pop-up \u00fcber Cookies und Tracking-Technologien informiert und k\u00f6nnen diesen gezielt zustimmen.<\/p>\n\n\n\n<p>Wir speichern Ihre Pr\u00e4ferenzen bis zu 24 Monate lang. Vor Ablauf dieser Frist bitten wir Sie um eine erneute Einwilligung.<\/p>\n\n\n\n<h3 class=\"wp-block-heading\">So verhindern Sie die Installation von Cookies<\/h3>\n\n\n\n<p>Benutzer k\u00f6nnen nicht unbedingt erforderliche Cookies \u00fcber das erste Pop-up ablehnen oder ihren Browser entsprechend konfigurieren.<\/p>\n\n\n\n<p><strong>Beispiele f\u00fcr Browsereinstellungen:<\/strong><\/p>\n\n\n\n<ul class=\"wp-block-list\">\n<li>Internet Explorer: <a href=\"http:\/\/windows.microsoft.com\/es-es\/windows-vista\/block-or-allow-cookies\">http:\/\/windows.microsoft.com\/es-es\/windows-vista\/block-or-allow-cookies<\/a><\/li>\n\n\n\n<li>Firefox: <a href=\"https:\/\/support.mozilla.org\/es\/kb\/Borrar%20cookies\">https:\/\/support.mozilla.org\/es\/kb\/Borrar%20cookies<\/a><\/li>\n\n\n\n<li>Safari: <a href=\"http:\/\/support.apple.com\/kb\/HT1677?viewlocale=es_ES\">http:\/\/support.apple.com\/kb\/HT1677?viewlocale=es_ES<\/a><\/li>\n\n\n\n<li>Chrome: <a href=\"https:\/\/support.google.com\/accounts\/answer\/61416?hl=es\">https:\/\/support.google.com\/accounts\/answer\/61416?hl=es<\/a><\/li>\n\n\n\n<li>Opera: <a href=\"http:\/\/help.opera.com\/Windows\/11.50\/es-ES\/cookies.html\">http:\/\/help.opera.com\/Windows\/11.50\/es-ES\/cookies.html<\/a><\/li>\n<\/ul>\n\n\n\n<p>Sie k\u00f6nnen Cookies auch mit Tools wie den folgenden verwalten:<\/p>\n\n\n\n<ul class=\"wp-block-list\">\n<li><a href=\"http:\/\/www.ghostery.com\/\">http:\/\/www.ghostery.com<\/a><\/li>\n\n\n\n<li><a href=\"http:\/\/www.youronlinechoices.com\/es\/\">http:\/\/www.youronlinechoices.com\/es\/<\/a><\/li>\n<\/ul>\n\n\n\n<p>Wenn Sie Cookies von Drittanbietern akzeptieren, m\u00fcssen Sie diese \u00fcber Ihren Browser l\u00f6schen.<\/p>\n\n\n\n<h3 class=\"wp-block-heading\">Links zu anderen Webseiten<\/h3>\n\n\n\n<p>Wir sind nicht verantwortlich f\u00fcr die Cookie- oder Datenschutzrichtlinien von den Webseiten Dritter, auf die von unserer Webseite aus verlinkt wird.<\/p>\n\n\n\n<h3 class=\"wp-block-heading\">Erfassung und Verwendung von IP-Adressen<\/h3>\n\n\n\n<p>Unsere Server k\u00f6nnen die IP-Adressen der Benutzer automatisch erkennen, um die Zustimmung zu Cookies zu \u00fcberpr\u00fcfen und statistische Analysen (Besuche, Zugriffspunkte usw.) durchzuf\u00fchren.<\/p>\n\n\n\n<h3 class=\"wp-block-heading\">Internationale Daten\u00fcbertragungen<\/h3>\n\n\n\n<p>Cookies auf unserer Domain beinhalten keine internationalen Daten\u00fcbertragungen. Cookies von Drittanbietern k\u00f6nnen dies jedoch tun. Weitere Informationen finden Sie im Abschnitt \u201eWeitere Informationen\u201c jedes Cookies.<\/p>\n\n\n\n<p>Weitere Einzelheiten: <a href=\"https:\/\/policies.google.com\/technologies\/cookies?hl=es\">Google-Cookie-Richtlinien<\/a><\/p>\n\n\n\n<h3 class=\"wp-block-heading\">Aktualisierung unserer Cookie-Richtlinie<\/h3>\n\n\n\n<p>Diese Richtlinie wird regelm\u00e4\u00dfig \u00fcberpr\u00fcft und kann aktualisiert werden. Wir empfehlen Ihnen, diese Seite regelm\u00e4\u00dfig zu besuchen.<\/p>\n\n\n\n<p><strong>Datum<\/strong>: 22\/05\/2025<br><strong>Version<\/strong>: V.2.0<br><strong>Copyright<\/strong>: \u00a9 2025 AIXA CORPORE, SL<\/p>","protected":false},"excerpt":{"rendered":"<p>What are cookies? A cookie is a text file that a web server may store on your device\u2019s hard drive to collect information about you as a user. Cookies are used for various purposes such as remembering visit data, recognizing the user, avoiding repeated authentication, tracking visited pages, and saving preferences. Some cookies are exempt [&hellip;]<\/p>\n","protected":false},"author":1,"featured_media":0,"parent":0,"menu_order":0,"comment_status":"closed","ping_status":"closed","template":"","meta":{"iawp_total_views":16,"footnotes":""},"class_list":["post-1593","page","type-page","status-publish","hentry"],"_links":{"self":[{"href":"https:\/\/watiocapital.com\/de\/wp-json\/wp\/v2\/pages\/1593","targetHints":{"allow":["GET"]}}],"collection":[{"href":"https:\/\/watiocapital.com\/de\/wp-json\/wp\/v2\/pages"}],"about":[{"href":"https:\/\/watiocapital.com\/de\/wp-json\/wp\/v2\/types\/page"}],"author":[{"embeddable":true,"href":"https:\/\/watiocapital.com\/de\/wp-json\/wp\/v2\/users\/1"}],"replies":[{"embeddable":true,"href":"https:\/\/watiocapital.com\/de\/wp-json\/wp\/v2\/comments?post=1593"}],"version-history":[{"count":3,"href":"https:\/\/watiocapital.com\/de\/wp-json\/wp\/v2\/pages\/1593\/revisions"}],"predecessor-version":[{"id":1712,"href":"https:\/\/watiocapital.com\/de\/wp-json\/wp\/v2\/pages\/1593\/revisions\/1712"}],"wp:attachment":[{"href":"https:\/\/watiocapital.com\/de\/wp-json\/wp\/v2\/media?parent=1593"}],"curies":[{"name":"wp","href":"https:\/\/api.w.org\/{rel}","templated":true}]}}