{"id":1591,"date":"2025-05-23T10:40:54","date_gmt":"2025-05-23T08:40:54","guid":{"rendered":"https:\/\/watiocapital.com\/?page_id=1591"},"modified":"2025-05-27T12:29:07","modified_gmt":"2025-05-27T10:29:07","slug":"legal-notice","status":"publish","type":"page","link":"https:\/\/watiocapital.com\/es\/legal-notice\/","title":{"rendered":"Aviso legal"},"content":{"rendered":"<h3 class=\"wp-block-heading\">Prop\u00f3sito y aceptaci\u00f3n<\/h3>\n\n\n\n<p>El presente aviso legal regula el uso del sitio web <a href=\"https:\/\/watiocapital.com\/es\/\">www.watiocapital.com<\/a>. La navegaci\u00f3n por este sitio implica la aceptaci\u00f3n plena y sin reservas de este aviso legal. El usuario se compromete a utilizar el sitio web conforme a la ley, la buena fe, el orden p\u00fablico, las buenas costumbres y este aviso. Los usuarios ser\u00e1n responsables de los da\u00f1os derivados de un uso indebido.<\/p>\n\n\n\n<h3 class=\"wp-block-heading\">Propiedad e identificaci\u00f3n<\/h3>\n\n\n\n<p><strong>Due\u00f1o<\/strong>: WATIO CAPITAL, SL<br><strong>N\u00famero de identificaci\u00f3n fiscal (CIF)<\/strong>: B87036521<br><strong>DIRECCI\u00d3N<\/strong>: Fern\u00e1ndez de la Hoz 70 \u2013 1B, , 28003 Madrid<br><strong>Correo electr\u00f3nico<\/strong>: <a href=\"mailto:info@watiocapital.com\">info@watiocapital.com<\/a><br><strong>Alojamiento web<\/strong>: ALL-INKL.COM \u2013 Neue Medien M\u00fcnnich, Propietario: Ren\u00e9 M\u00fcnnich<\/p>\n\n\n\n<h3 class=\"wp-block-heading\">Condiciones Generales de Acceso y Uso<\/h3>\n\n\n\n<ul class=\"wp-block-list\">\n<li>El acceso al sitio web y a sus servicios es gratuito, si bien en determinadas \u00e1reas se puede requerir el env\u00edo de datos.<\/li>\n\n\n\n<li>Solo los usuarios mayores de 18 a\u00f1os pueden proporcionar datos. Los menores de 14 a\u00f1os deben contar con el consentimiento de sus padres o tutores.<\/li>\n\n\n\n<li><strong>Tipos de usuarios<\/strong>:\n<ul class=\"wp-block-list\">\n<li>Usuarios cuyos datos se recogen a trav\u00e9s de cookies.<\/li>\n\n\n\n<li>Usuarios que rellenen cualquiera de los formularios del sitio.<\/li>\n<\/ul>\n<\/li>\n<\/ul>\n\n\n\n<h4 class=\"wp-block-heading\">Reglas y usos prohibidos<\/h4>\n\n\n\n<p>El usuario se compromete expresamente a hacer un uso adecuado de los contenidos y servicios y a no:<\/p>\n\n\n\n<ul class=\"wp-block-list\">\n<li>Difundir contenidos ilegales, violentos, pornogr\u00e1ficos, racistas, xen\u00f3fobos, ofensivos o terroristas.<\/li>\n\n\n\n<li>Introducir virus o realizar acciones susceptibles de perturbar o da\u00f1ar los sistemas de WATIO CAPITAL, SL o de terceros.<\/li>\n\n\n\n<li>Acceder a \u00e1reas restringidas sin autorizaci\u00f3n.<\/li>\n\n\n\n<li>Violar los derechos de propiedad intelectual o industrial o la confidencialidad.<\/li>\n\n\n\n<li>Suplantar la identidad de otro usuario o de un tercero.<\/li>\n\n\n\n<li>Reproducir, distribuir o modificar contenido sin autorizaci\u00f3n.<\/li>\n\n\n\n<li>Recopilar datos con fines publicitarios sin consentimiento previo.<\/li>\n<\/ul>\n\n\n\n<h4 class=\"wp-block-heading\">Procedimiento para actividades il\u00edcitas<\/h4>\n\n\n\n<p>En el caso de que cualquier usuario o un tercero considere que existe alg\u00fan contenido o actuaci\u00f3n il\u00edcita en el sitio web deber\u00e1 notificarlo a WATIO CAPITAL, SL aportando su identificaci\u00f3n, los datos de la infracci\u00f3n y declaraci\u00f3n de la veracidad de la informaci\u00f3n.<\/p>\n\n\n\n<h3 class=\"wp-block-heading\">Pol\u00edtica de privacidad<\/h3>\n\n\n\n<p>Los usuarios pueden conocer c\u00f3mo WATIO CAPITAL, SL utiliza sus datos y las medidas de seguridad implementadas a trav\u00e9s del enlace \u201cPol\u00edtica de Privacidad\u201d.<\/p>\n\n\n\n<h3 class=\"wp-block-heading\">Pol\u00edtica de cookies<\/h3>\n\n\n\n<p>WATIO CAPITAL, SL instala cookies en el dispositivo del usuario. M\u00e1s informaci\u00f3n en el enlace \u00abPol\u00edtica de Cookies\u00bb.<\/p>\n\n\n\n<h3 class=\"wp-block-heading\">Notificaciones<\/h3>\n\n\n\n<p>Las comunicaciones entre los usuarios y WATIO CAPITAL, SL se considerar\u00e1n efectivas cuando se env\u00eden:<\/p>\n\n\n\n<ul class=\"wp-block-list\">\n<li>Por correo postal: Fern\u00e1ndez de la Hoz 70 \u2013 1B, 28003 Madrid<\/li>\n\n\n\n<li>Por correo electr\u00f3nico: <a href=\"mailto:info@watiocapital.com\">info@watiocapital.com<\/a><\/li>\n<\/ul>\n\n\n\n<h3 class=\"wp-block-heading\">Propiedad Intelectual e Industrial<\/h3>\n\n\n\n<p>Todo el contenido del sitio web (textos, im\u00e1genes, gr\u00e1ficos, iconos, software, dise\u00f1o, c\u00f3digo fuente) es propiedad de WATIO CAPITAL, SL y est\u00e1 protegido por la ley de propiedad intelectual. Los usuarios solo pueden ver o realizar copias privadas del contenido para uso personal.<\/p>\n\n\n\n<p>Todas las marcas o nombres comerciales que aparecen en el sitio son propiedad de WATIO CAPITAL, SL, y el acceso a los mismos no otorga ning\u00fan derecho sobre los mismos.<\/p>\n\n\n\n<p>Queda estrictamente prohibida la distribuci\u00f3n, modificaci\u00f3n o comunicaci\u00f3n p\u00fablica de cualquier contenido sin autorizaci\u00f3n expresa. WATIO CAPITAL, SL emprender\u00e1 acciones legales en caso de infracci\u00f3n.<\/p>\n\n\n\n<h3 class=\"wp-block-heading\">Descargo de responsabilidad y modificaciones<\/h3>\n\n\n\n<p>WATIO CAPITAL, SL utiliza medidas de seguridad como cortafuegos y cifrado para proteger los datos. Sin embargo, el contenido del sitio web es meramente informativo.<\/p>\n\n\n\n<p>WATIO CAPITAL, SL se reserva el derecho de eliminar, suspender o modificar el sitio web o su contenido en cualquier momento sin previo aviso. No se responsabiliza de las decisiones tomadas en funci\u00f3n del contenido del sitio, errores u omisiones, ni de los da\u00f1os resultantes a los dispositivos de los usuarios.<\/p>\n\n\n\n<p>Los usuarios aceptan expresamente que WATIO CAPITAL, SL no es responsable del acceso no autorizado, alteraci\u00f3n de datos o transacciones fallidas en su sitio web.<\/p>\n\n\n\n<p>WATIO CAPITAL, SL podr\u00e1 modificar unilateralmente el presente aviso legal sin previo aviso, con la \u00fanica obligaci\u00f3n de informar a los usuarios a trav\u00e9s de ALL-INKL.COM \u2013 Neue Medien M\u00fcnnich, Titular: Ren\u00e9 M\u00fcnnich.<\/p>\n\n\n\n<h3 class=\"wp-block-heading\">Nulidad parcial<\/h3>\n\n\n\n<p>Si alguna cl\u00e1usula es declarada nula por autoridad competente, los t\u00e9rminos restantes seguir\u00e1n siendo v\u00e1lidos y exigibles.<\/p>\n\n\n\n<h3 class=\"wp-block-heading\">Ley aplicable y jurisdicci\u00f3n<\/h3>\n\n\n\n<p>Este sitio est\u00e1 sujeto a la legislaci\u00f3n espa\u00f1ola y a la normativa europea aplicable.<\/p>\n\n\n\n<p>Este sitio est\u00e1 sujeto a la legislaci\u00f3n espa\u00f1ola y a la normativa europea aplicable. Cualquier disputa relacionada con este sitio web o sus productos se regir\u00e1 por la Jurisdicci\u00f3n no-exclusiva de los juzgados y tribunales de Madrid, Espa\u00f1a.<\/p>\n\n\n\n<p>Si usted es un consumidor final, nada de lo dispuesto en esta cl\u00e1usula afecta a sus derechos legales y podr\u00e1 presentar una reclamaci\u00f3n ante los tribunales de su lugar de residencia.<\/p>\n\n\n\n<p><strong>Fecha<\/strong>: 23\/05\/2025<br><strong>Versi\u00f3n<\/strong>: V.1.0<br><strong>Derechos de autor<\/strong>: \u00a9 2025 AIXA CORPORE, SL<\/p>","protected":false},"excerpt":{"rendered":"<p>Purpose and Acceptance This legal notice governs the use of the website www.watiocapital.com. Browsing this site implies full and unreserved acceptance of this legal notice. The user agrees to use the website in accordance with the law, good faith, public order, customary practices, and this notice. Users will be held liable for damages arising from [&hellip;]<\/p>\n","protected":false},"author":1,"featured_media":0,"parent":0,"menu_order":0,"comment_status":"closed","ping_status":"closed","template":"","meta":{"iawp_total_views":15,"footnotes":""},"class_list":["post-1591","page","type-page","status-publish","hentry"],"_links":{"self":[{"href":"https:\/\/watiocapital.com\/es\/wp-json\/wp\/v2\/pages\/1591","targetHints":{"allow":["GET"]}}],"collection":[{"href":"https:\/\/watiocapital.com\/es\/wp-json\/wp\/v2\/pages"}],"about":[{"href":"https:\/\/watiocapital.com\/es\/wp-json\/wp\/v2\/types\/page"}],"author":[{"embeddable":true,"href":"https:\/\/watiocapital.com\/es\/wp-json\/wp\/v2\/users\/1"}],"replies":[{"embeddable":true,"href":"https:\/\/watiocapital.com\/es\/wp-json\/wp\/v2\/comments?post=1591"}],"version-history":[{"count":7,"href":"https:\/\/watiocapital.com\/es\/wp-json\/wp\/v2\/pages\/1591\/revisions"}],"predecessor-version":[{"id":1742,"href":"https:\/\/watiocapital.com\/es\/wp-json\/wp\/v2\/pages\/1591\/revisions\/1742"}],"wp:attachment":[{"href":"https:\/\/watiocapital.com\/es\/wp-json\/wp\/v2\/media?parent=1591"}],"curies":[{"name":"wp","href":"https:\/\/api.w.org\/{rel}","templated":true}]}}