{"id":1593,"date":"2025-05-23T10:44:07","date_gmt":"2025-05-23T08:44:07","guid":{"rendered":"https:\/\/watiocapital.com\/?page_id=1593"},"modified":"2025-05-26T11:26:38","modified_gmt":"2025-05-26T09:26:38","slug":"cookies-policy","status":"publish","type":"page","link":"https:\/\/watiocapital.com\/es\/cookies-policy\/","title":{"rendered":"Pol\u00edtica de cookies"},"content":{"rendered":"<h3 class=\"wp-block-heading\">\u00bfQu\u00e9 son las cookies?<\/h3>\n\n\n\n<p>Una cookie es un archivo de texto que un servidor web puede almacenar en el disco duro de su dispositivo para recopilar informaci\u00f3n sobre usted como usuario. Las cookies se utilizan para diversos fines, como recordar datos de visitas, reconocer al usuario, evitar la autenticaci\u00f3n repetida, rastrear las p\u00e1ginas visitadas y guardar preferencias.<\/p>\n\n\n\n<p>Algunas cookies est\u00e1n exceptuadas de las obligaciones del art\u00edculo 22.2 de la Ley de Servicios de la Sociedad de la Informaci\u00f3n y de Comercio Electr\u00f3nico (LSSI), como son:<\/p>\n\n\n\n<ul class=\"wp-block-list\">\n<li>Cookies que permiten la comunicaci\u00f3n entre el dispositivo del usuario y la red.<\/li>\n\n\n\n<li>Cookies estrictamente necesarias para prestar un servicio solicitado expl\u00edcitamente por el usuario.<\/li>\n<\/ul>\n\n\n\n<p><strong>Las cookies exentas incluyen:<\/strong><\/p>\n\n\n\n<ul class=\"wp-block-list\">\n<li>Cookies de entrada del usuario<\/li>\n\n\n\n<li>Cookies de autenticaci\u00f3n de sesi\u00f3n<\/li>\n\n\n\n<li>Cookies de seguridad<\/li>\n\n\n\n<li>Cookies de sesi\u00f3n del reproductor multimedia<\/li>\n\n\n\n<li>Cookies de sesi\u00f3n de equilibrio de carga<\/li>\n\n\n\n<li>Cookies de personalizaci\u00f3n de la interfaz de usuario<\/li>\n\n\n\n<li>Ciertas cookies de complementos sociales<\/li>\n<\/ul>\n\n\n\n<h3 class=\"wp-block-heading\">Tipos de cookies<\/h3>\n\n\n\n<p><strong>Seg\u00fan qui\u00e9n los instale:<\/strong><\/p>\n\n\n\n<ul class=\"wp-block-list\">\n<li><strong>Cookies de origen<\/strong>: Enviado desde nuestro propio dominio.<\/li>\n\n\n\n<li><strong>Cookies de terceros<\/strong>:Administrados por terceros, incluso si se instalan desde nuestro dominio.<\/li>\n<\/ul>\n\n\n\n<p><strong>Seg\u00fan su duraci\u00f3n:<\/strong><\/p>\n\n\n\n<ul class=\"wp-block-list\">\n<li><strong>Cookies de sesi\u00f3n<\/strong>: Se elimina cuando se cierra el navegador.<\/li>\n\n\n\n<li><strong>Cookies persistentes<\/strong>: Se almacena durante m\u00e1s tiempo en el dispositivo del usuario.<\/li>\n<\/ul>\n\n\n\n<p><strong>Seg\u00fan su finalidad:<\/strong><\/p>\n\n\n\n<ul class=\"wp-block-list\">\n<li><strong>Cookies t\u00e9cnicas<\/strong>: Necesario para la funcionalidad del sitio web.<\/li>\n\n\n\n<li><strong>Cookies de personalizaci\u00f3n<\/strong>: Almacena las preferencias del usuario (idioma, navegador, etc.).<\/li>\n\n\n\n<li><strong>Cookies anal\u00edticas<\/strong>: Crear perfiles de usuarios para mejorar los servicios.<\/li>\n\n\n\n<li><strong>Cookies publicitarias<\/strong>:Basado en h\u00e1bitos de navegaci\u00f3n para mostrar anuncios personalizados.<\/li>\n<\/ul>\n\n\n\n<h3 class=\"wp-block-heading\">Cookies utilizadas en nuestro sitio web<\/h3>\n\n\n\n<p><a href=\"https:\/\/watiocapital.com\/es\/\">www.watiocapital.com<\/a> utiliza las siguientes cookies:<\/p>\n\n\n\n<ul class=\"wp-block-list\">\n<li><strong>Cookies t\u00e9cnicas<\/strong>: Permitir la navegaci\u00f3n, recordar contrase\u00f1as, uso del carrito de compra, etc.<\/li>\n<\/ul>\n\n\n\n<p><strong>Cookie de origen:<\/strong><\/p>\n\n\n\n<figure class=\"wp-block-table\"><table class=\"has-fixed-layout\"><thead><tr><th>Nombre<\/th><th>Objetivo<\/th><th>Tipo<\/th><th>Duraci\u00f3n<\/th><th>Instalado cuando<\/th><\/tr><\/thead><tbody><tr><td>ventana emergente moove_gdpr<\/td><td>Almacena si se acept\u00f3 la pol\u00edtica de cookies<\/td><td>De primera mano<\/td><td>1 a\u00f1o<\/td><td>Al acceder al sitio web<\/td><\/tr><\/tbody><\/table><\/figure>\n\n\n\n<p><strong>Cookies de terceros (por ejemplo, Google):<\/strong><\/p>\n\n\n\n<figure class=\"wp-block-table\"><table class=\"has-fixed-layout\"><thead><tr><th>Due\u00f1o<\/th><th>Nombre<\/th><th>Instalado cuando<\/th><th>Descripci\u00f3n<\/th><th>Duraci\u00f3n<\/th><\/tr><\/thead><tbody><tr><td>Google<\/td><td><em>Georgia<\/em>*<\/td><td>Al acceder al sitio web<\/td><td>Utilizado por Google Analytics para identificar a los usuarios.<\/td><td>Sesi\u00f3n<\/td><\/tr><tr><td>Google<\/td><td><em>Georgia<\/em><\/td><td>Al acceder al sitio web<\/td><td>Utilizado por Google Analytics para identificar a los usuarios.<\/td><td>2 a\u00f1os<\/td><\/tr><\/tbody><\/table><\/figure>\n\n\n\n<p>No controlamos las cookies de terceros. Para m\u00e1s informaci\u00f3n, consulte sus respectivas pol\u00edticas de cookies.<\/p>\n\n\n\n<h3 class=\"wp-block-heading\">Consentimiento e informaci\u00f3n sobre la instalaci\u00f3n<\/h3>\n\n\n\n<p>Al acceder a nuestro sitio web, una ventana emergente informa a los usuarios sobre las cookies y las tecnolog\u00edas de seguimiento, lo que permite una aceptaci\u00f3n granular.<\/p>\n\n\n\n<p>Conservamos sus preferencias hasta por 24 meses. Antes de que finalice este periodo, solicitaremos su consentimiento renovado.<\/p>\n\n\n\n<h3 class=\"wp-block-heading\">C\u00f3mo evitar la instalaci\u00f3n de cookies<\/h3>\n\n\n\n<p>Los usuarios pueden rechazar las cookies no esenciales a trav\u00e9s de la ventana emergente inicial o configurar su navegador en consecuencia.<\/p>\n\n\n\n<p><strong>Ejemplos de configuraci\u00f3n del navegador:<\/strong><\/p>\n\n\n\n<ul class=\"wp-block-list\">\n<li>Internet Explorer: <a href=\"http:\/\/windows.microsoft.com\/es-es\/windows-vista\/block-or-allow-cookies\">http:\/\/windows.microsoft.com\/es-es\/windows-vista\/block-or-allow-cookies<\/a><\/li>\n\n\n\n<li>Firefox: <a href=\"https:\/\/support.mozilla.org\/es\/kb\/Borrar%20cookies\">https:\/\/support.mozilla.org\/es\/kb\/Borrar%20cookies<\/a><\/li>\n\n\n\n<li>Safari: <a href=\"http:\/\/support.apple.com\/kb\/HT1677?viewlocale=es_ES\">http:\/\/support.apple.com\/kb\/HT1677?viewlocale=es_ES<\/a><\/li>\n\n\n\n<li>Chrome: <a href=\"https:\/\/support.google.com\/accounts\/answer\/61416?hl=es\">https:\/\/support.google.com\/accounts\/answer\/61416?hl=es<\/a><\/li>\n\n\n\n<li>Opera: <a href=\"http:\/\/help.opera.com\/Windows\/11.50\/es-ES\/cookies.html\">http:\/\/help.opera.com\/Windows\/11.50\/es-ES\/cookies.html<\/a><\/li>\n<\/ul>\n\n\n\n<p>Tambi\u00e9n puede gestionar las cookies mediante herramientas como:<\/p>\n\n\n\n<ul class=\"wp-block-list\">\n<li><a href=\"http:\/\/www.ghostery.com\/\">http:\/\/www.ghostery.com<\/a><\/li>\n\n\n\n<li><a href=\"http:\/\/www.youronlinechoices.com\/es\/\">http:\/\/www.youronlinechoices.com\/es\/<\/a><\/li>\n<\/ul>\n\n\n\n<p>Si acepta las cookies de terceros, deber\u00e1 eliminarlas a trav\u00e9s de su navegador.<\/p>\n\n\n\n<h3 class=\"wp-block-heading\">Enlaces a otros sitios web<\/h3>\n\n\n\n<p>No somos responsables de las pol\u00edticas de cookies o privacidad de sitios web de terceros vinculados desde el nuestro.<\/p>\n\n\n\n<h3 class=\"wp-block-heading\">Recopilaci\u00f3n y uso de direcciones IP<\/h3>\n\n\n\n<p>Nuestros servidores podr\u00e1n detectar autom\u00e1ticamente las direcciones IP de los usuarios para verificar el consentimiento de las cookies y realizar an\u00e1lisis estad\u00edsticos (visitas, puntos de acceso, etc.).<\/p>\n\n\n\n<h3 class=\"wp-block-heading\">Transferencias internacionales de datos<\/h3>\n\n\n\n<p>Las cookies de nuestro dominio no implican transferencias internacionales de datos. Sin embargo, las cookies de terceros s\u00ed pueden hacerlo. Consulte la secci\u00f3n &quot;M\u00e1s informaci\u00f3n&quot; de cada cookie.<\/p>\n\n\n\n<p>Para m\u00e1s detalles: <a href=\"https:\/\/policies.google.com\/technologies\/cookies?hl=es\">Pol\u00edticas de cookies de Google<\/a><\/p>\n\n\n\n<h3 class=\"wp-block-heading\">Actualizaci\u00f3n de nuestra pol\u00edtica de cookies<\/h3>\n\n\n\n<p>Esta pol\u00edtica se revisa peri\u00f3dicamente y puede actualizarse. Recomendamos consultar esta p\u00e1gina peri\u00f3dicamente.<\/p>\n\n\n\n<p><strong>Fecha<\/strong>: 22\/05\/2025<br><strong>Versi\u00f3n<\/strong>: Versi\u00f3n 2.0<br><strong>Derechos de autor<\/strong>: \u00a9 2025 AIXA CORPORE, SL<\/p>","protected":false},"excerpt":{"rendered":"<p>What are cookies? A cookie is a text file that a web server may store on your device\u2019s hard drive to collect information about you as a user. Cookies are used for various purposes such as remembering visit data, recognizing the user, avoiding repeated authentication, tracking visited pages, and saving preferences. Some cookies are exempt [&hellip;]<\/p>\n","protected":false},"author":1,"featured_media":0,"parent":0,"menu_order":0,"comment_status":"closed","ping_status":"closed","template":"","meta":{"iawp_total_views":16,"footnotes":""},"class_list":["post-1593","page","type-page","status-publish","hentry"],"_links":{"self":[{"href":"https:\/\/watiocapital.com\/es\/wp-json\/wp\/v2\/pages\/1593","targetHints":{"allow":["GET"]}}],"collection":[{"href":"https:\/\/watiocapital.com\/es\/wp-json\/wp\/v2\/pages"}],"about":[{"href":"https:\/\/watiocapital.com\/es\/wp-json\/wp\/v2\/types\/page"}],"author":[{"embeddable":true,"href":"https:\/\/watiocapital.com\/es\/wp-json\/wp\/v2\/users\/1"}],"replies":[{"embeddable":true,"href":"https:\/\/watiocapital.com\/es\/wp-json\/wp\/v2\/comments?post=1593"}],"version-history":[{"count":3,"href":"https:\/\/watiocapital.com\/es\/wp-json\/wp\/v2\/pages\/1593\/revisions"}],"predecessor-version":[{"id":1712,"href":"https:\/\/watiocapital.com\/es\/wp-json\/wp\/v2\/pages\/1593\/revisions\/1712"}],"wp:attachment":[{"href":"https:\/\/watiocapital.com\/es\/wp-json\/wp\/v2\/media?parent=1593"}],"curies":[{"name":"wp","href":"https:\/\/api.w.org\/{rel}","templated":true}]}}